{"id":31,"date":"2025-06-10T14:54:27","date_gmt":"2025-06-10T12:54:27","guid":{"rendered":"https:\/\/www.mind-care.be\/?page_id=31"},"modified":"2025-07-15T15:37:26","modified_gmt":"2025-07-15T13:37:26","slug":"presentation","status":"publish","type":"page","link":"https:\/\/mind-care.be\/index.php\/presentation\/","title":{"rendered":"Pr\u00e9sentation"},"content":{"rendered":"\n<p class=\"wp-block-paragraph\"><\/p>\n\n\n\n<div class=\"wp-block-columns is-layout-flex wp-container-core-columns-is-layout-7387b849 wp-block-columns-is-layout-flex\">\n<div class=\"wp-block-column is-layout-flow wp-block-column-is-layout-flow\" style=\"flex-basis:33.33%\">\n<figure class=\"wp-block-image size-large is-style-rounded\"><img loading=\"lazy\" decoding=\"async\" width=\"714\" height=\"1024\" src=\"https:\/\/www.mind-care.be\/wp-content\/uploads\/2025\/07\/IMG_9841-2-714x1024.jpg\" alt=\"\" class=\"wp-image-123\" srcset=\"https:\/\/www.mind-care.be\/wp-content\/uploads\/2025\/07\/IMG_9841-2-714x1024.jpg 714w, https:\/\/www.mind-care.be\/wp-content\/uploads\/2025\/07\/IMG_9841-2-209x300.jpg 209w, https:\/\/www.mind-care.be\/wp-content\/uploads\/2025\/07\/IMG_9841-2-768x1102.jpg 768w, https:\/\/www.mind-care.be\/wp-content\/uploads\/2025\/07\/IMG_9841-2-1071x1536.jpg 1071w, https:\/\/www.mind-care.be\/wp-content\/uploads\/2025\/07\/IMG_9841-2.jpg 1242w\" sizes=\"auto, (max-width: 714px) 100vw, 714px\" \/><\/figure>\n<\/div>\n\n\n\n<div class=\"wp-block-column is-layout-flow wp-block-column-is-layout-flow\" style=\"flex-basis:66.66%\">\n<blockquote class=\"wp-block-quote is-layout-flow wp-block-quote-is-layout-flow\">\n<div class=\"wp-block-group is-vertical is-layout-flex wp-container-core-group-is-layout-b44d48a2 wp-block-group-is-layout-flex\" style=\"margin-top:0;margin-bottom:0;padding-top:0;padding-right:0;padding-bottom:0;padding-left:0\">\n<p class=\"has-text-align-left has-normal-font-size wp-block-paragraph\">Dipl\u00f4m\u00e9e en sciences psychologiques avec une sp\u00e9cialisation en neuropsychologie (Universit\u00e9 catholique de Louvain), je mets \u00e0 votre service l\u2019expertise acquise au cours de ma formation et de mes pratiques cliniques. <\/p>\n\n\n\n<p class=\"has-text-align-left has-normal-font-size wp-block-paragraph\">Soucieuse d\u2019offrir un accompagnement bienveillant et personnalis\u00e9, j\u2019accorde une importance particuli\u00e8re \u00e0 l\u2019\u00e9coute, \u00e0 l\u2019empathie et \u00e0 la rigueur scientifique afin de vous aider au mieux dans votre parcours.<\/p>\n<\/div>\n<\/blockquote>\n<\/div>\n<\/div>\n\n\n\n<h2 class=\"wp-block-heading\">Formations <\/h2>\n\n\n\n<hr class=\"wp-block-separator has-alpha-channel-opacity is-style-wide\"\/>\n\n\n\n<div class=\"wp-block-columns is-layout-flex wp-container-core-columns-is-layout-7387b849 wp-block-columns-is-layout-flex\">\n<div class=\"wp-block-column is-layout-flow wp-block-column-is-layout-flow\" style=\"flex-basis:66.66%\">\n<ul class=\"wp-block-list\">\n<li class=\"has-text-color has-link-color wp-elements-e8eb30cb256eab725e927f14cd836f42\" style=\"color:#735240\">TDAH Acad\u00e9mie (S\u00e9bastien Henrard)<\/li>\n\n\n\n<li class=\"has-text-color has-link-color wp-elements-36fd1c075f4cb3efac07043cc4fce40a\" style=\"color:#735240\">Master en sciences psychologiques, \u00e0 finalit\u00e9 sp\u00e9cialis\u00e9e en neuropsychologie (Uclouvain)<\/li>\n<\/ul>\n<\/div>\n\n\n\n<div class=\"wp-block-column is-layout-flow wp-block-column-is-layout-flow\" style=\"flex-basis:33.33%\">\n<figure class=\"wp-block-image size-full\"><img loading=\"lazy\" decoding=\"async\" width=\"500\" height=\"500\" src=\"https:\/\/www.mind-care.be\/wp-content\/uploads\/2025\/06\/Design-1-.png\" alt=\"\" class=\"wp-image-18\" srcset=\"https:\/\/www.mind-care.be\/wp-content\/uploads\/2025\/06\/Design-1-.png 500w, https:\/\/www.mind-care.be\/wp-content\/uploads\/2025\/06\/Design-1--300x300.png 300w, https:\/\/www.mind-care.be\/wp-content\/uploads\/2025\/06\/Design-1--150x150.png 150w\" sizes=\"auto, (max-width: 500px) 100vw, 500px\" \/><\/figure>\n<\/div>\n<\/div>\n\n\n\n<p class=\"wp-block-paragraph\"><\/p>\n","protected":false},"excerpt":{"rendered":"<p>Dipl\u00f4m\u00e9e en sciences psychologiques avec une sp\u00e9cialisation en neuropsychologie (Universit\u00e9 catholique de Louvain), je mets \u00e0 votre service l\u2019expertise acquise au cours de ma formation et de mes pratiques cliniques. Soucieuse d\u2019offrir un accompagnement bienveillant et personnalis\u00e9, j\u2019accorde une importance particuli\u00e8re \u00e0 l\u2019\u00e9coute, \u00e0 l\u2019empathie et \u00e0 la rigueur scientifique afin de vous aider au [&hellip;]<\/p>\n","protected":false},"author":1,"featured_media":123,"parent":0,"menu_order":0,"comment_status":"closed","ping_status":"closed","template":"","meta":{"_crdt_document":"","footnotes":""},"class_list":["post-31","page","type-page","status-publish","has-post-thumbnail","hentry"],"_links":{"self":[{"href":"https:\/\/mind-care.be\/index.php\/wp-json\/wp\/v2\/pages\/31","targetHints":{"allow":["GET"]}}],"collection":[{"href":"https:\/\/mind-care.be\/index.php\/wp-json\/wp\/v2\/pages"}],"about":[{"href":"https:\/\/mind-care.be\/index.php\/wp-json\/wp\/v2\/types\/page"}],"author":[{"embeddable":true,"href":"https:\/\/mind-care.be\/index.php\/wp-json\/wp\/v2\/users\/1"}],"replies":[{"embeddable":true,"href":"https:\/\/mind-care.be\/index.php\/wp-json\/wp\/v2\/comments?post=31"}],"version-history":[{"count":8,"href":"https:\/\/mind-care.be\/index.php\/wp-json\/wp\/v2\/pages\/31\/revisions"}],"predecessor-version":[{"id":126,"href":"https:\/\/mind-care.be\/index.php\/wp-json\/wp\/v2\/pages\/31\/revisions\/126"}],"wp:featuredmedia":[{"embeddable":true,"href":"https:\/\/mind-care.be\/index.php\/wp-json\/wp\/v2\/media\/123"}],"wp:attachment":[{"href":"https:\/\/mind-care.be\/index.php\/wp-json\/wp\/v2\/media?parent=31"}],"curies":[{"name":"wp","href":"https:\/\/api.w.org\/{rel}","templated":true}]}}