{"id":23,"date":"2025-06-17T11:25:16","date_gmt":"2025-06-17T09:25:16","guid":{"rendered":"https:\/\/www.mind-care.be\/?page_id=23"},"modified":"2025-07-16T11:31:19","modified_gmt":"2025-07-16T09:31:19","slug":"neuropsychologie","status":"publish","type":"page","link":"https:\/\/mind-care.be\/index.php\/neuropsychologie\/","title":{"rendered":"Neuropsychologie"},"content":{"rendered":"\n<p class=\"wp-block-paragraph\">POUR QUI ?<\/p>\n\n\n\n<p class=\"wp-block-paragraph\">Jeunes adultes\/Adultes\/Seniors recherchant un suivi pour :<br>\u2013 Difficult\u00e9s cognitives (m\u00e9moire, attention, fonctions ex\u00e9cutives, praxies, gnosies,\u2026)<br>\u2013 TDAH<br>\u2013 Haut Potentiel<br>\u2013 Accompagnement du vieillissement\/ maladies neurod\u00e9g\u00e9n\u00e9ratives<br>\u2013 Accompagnement post-AVC, trauma cr\u00e2nien, \u00e9pilepsie<br>\u2013 Accompagnement d\u2019addictions<br>\u2013 Gestion \u00e9motionnelle<br>\u2013 Gestion de la fatigue (post l\u00e9sion c\u00e9r\u00e9brale, Covid long,\u2026)<br>\u2013 \u2026<\/p>\n\n\n\n<div class=\"wp-block-columns is-layout-flex wp-container-core-columns-is-layout-7387b849 wp-block-columns-is-layout-flex\">\n<div class=\"wp-block-column is-layout-flow wp-block-column-is-layout-flow\" style=\"flex-basis:66.66%\">\n<h2 class=\"wp-block-heading\">Mon Accompagnement<\/h2>\n\n\n\n<ol class=\"wp-block-list\">\n<li class=\"has-medium-font-size\"><strong>\u00c9valuation neuropsychologique<\/strong><\/li>\n<\/ol>\n<\/div>\n\n\n\n<div class=\"wp-block-column is-vertically-aligned-center is-layout-flow wp-block-column-is-layout-flow\" style=\"flex-basis:33.33%\">\n<figure class=\"wp-block-image aligncenter size-full is-resized\"><img loading=\"lazy\" decoding=\"async\" width=\"500\" height=\"500\" src=\"https:\/\/www.mind-care.be\/wp-content\/uploads\/2025\/07\/Design-site.png\" alt=\"\" class=\"wp-image-129\" style=\"width:176px;height:auto\" srcset=\"https:\/\/www.mind-care.be\/wp-content\/uploads\/2025\/07\/Design-site.png 500w, https:\/\/www.mind-care.be\/wp-content\/uploads\/2025\/07\/Design-site-300x300.png 300w, https:\/\/www.mind-care.be\/wp-content\/uploads\/2025\/07\/Design-site-150x150.png 150w\" sizes=\"auto, (max-width: 500px) 100vw, 500px\" \/><\/figure>\n<\/div>\n<\/div>\n\n\n\n<p class=\"wp-block-paragraph\">L\u2019\u00e9valuation permet d\u2019objectiver les difficult\u00e9s cognitives, \u00e9motionnelles ou comportementales d\u2019un patient \u00e0 travers un entretien clinique et des tests standardis\u00e9s. Cela se fait g\u00e9n\u00e9ralement en plusieurs temps : entretien anamnestique, bilans (neuropsychologique complet, QI,..), remise des conclusions.<\/p>\n\n\n\n<ul class=\"wp-block-list\">\n<li><strong>Indications :<\/strong> suspicion de trouble neurologique, psychiatrique ou cognitif, recherche de compr\u00e9hension du fonctionnement cognitif.<\/li>\n\n\n\n<li><strong>Tests utilis\u00e9s :<\/strong> batteries d\u2019\u00e9valuation des fonctions mn\u00e9siques, attentionnelles, ex\u00e9cutives, langage, etc.<\/li>\n\n\n\n<li><strong>Objectifs :<\/strong><br>o Aider au diagnostic diff\u00e9rentiel.<br>o \u00c9valuer les capacit\u00e9s r\u00e9siduelles et les points forts\/faibles du patient.<br>o Orienter la prise en charge th\u00e9rapeutique.<\/li>\n<\/ul>\n\n\n\n<div style=\"height:48px\" aria-hidden=\"true\" class=\"wp-block-spacer\"><\/div>\n\n\n\n<hr class=\"wp-block-separator has-alpha-channel-opacity is-style-wide\"\/>\n\n\n\n<ol start=\"2\" class=\"wp-block-list\">\n<li class=\"has-medium-font-size\"><strong> R\u00e9\u00e9ducation et rem\u00e9diation cognitive<\/strong><\/li>\n<\/ol>\n\n\n\n<p class=\"wp-block-paragraph\">Mise en place d\u2019un programme de stimulation cognitive visant \u00e0 restaurer ou compenser les fonctions cognitives d\u00e9ficitaires.<br><\/p>\n\n\n\n<ul class=\"wp-block-list\">\n<li><strong>Indications :<\/strong> apr\u00e8s un AVC, un traumatisme cr\u00e2nien, dans un contexte neurod\u00e9g\u00e9n\u00e9ratif, ou pour des troubles cognitifs associ\u00e9s \u00e0 des pathologies psychiatriques.<\/li>\n\n\n\n<li><strong>Outils et techniques :<\/strong><br>o Exercices sur papier, logiciels de r\u00e9\u00e9ducation cognitive.<br>o Strat\u00e9gies compensatoires (ex. : techniques mn\u00e9motechniques, agendas num\u00e9riques).<br>o Approche \u00e9cologique : mise en situation pour favoriser l\u2019application dans la vie quotidienne.<\/li>\n\n\n\n<li><strong>Objectifs :<br><\/strong>o Restaurer les fonctions cognitives alt\u00e9r\u00e9es : par des exercices ciblant directement les capacit\u00e9s touch\u00e9es, comme l\u2019attention, les fonctions ex\u00e9cutives ou le langage.<br>o Compensation : enseigner des strat\u00e9gies pour contourner les difficult\u00e9s cognitives, comme l\u2019utilisation d\u2019agendas ou de rappels pour pallier des troubles mn\u00e9siques.<br>o Adaptation environnementale : modifier l\u2019environnement pour r\u00e9duire l\u2019impact des d\u00e9ficits cognitifs sur la vie quotidienne.<br>o Am\u00e9liorer la qualit\u00e9 de vie : renforcer l\u2019autonomie, diminuer la d\u00e9tresse psychologique li\u00e9e aux difficult\u00e9s cognitives et faciliter la r\u00e9insertion sociale ou professionnelle.<\/li>\n<\/ul>\n\n\n\n<div style=\"height:48px\" aria-hidden=\"true\" class=\"wp-block-spacer\"><\/div>\n\n\n\n<hr class=\"wp-block-separator has-alpha-channel-opacity is-style-wide\"\/>\n\n\n\n<ol start=\"3\" class=\"wp-block-list\">\n<li class=\"has-medium-font-size\"><strong>Soutien psychologique et psycho\u00e9ducation<\/strong><\/li>\n<\/ol>\n\n\n\n<p class=\"wp-block-paragraph\">Accompagnement \u00e9motionnel et information sur la pathologie du patient et ses impacts.<\/p>\n\n\n\n<ul class=\"wp-block-list\">\n<li><strong>Indications :<\/strong> anxi\u00e9t\u00e9 li\u00e9e aux troubles cognitifs, adaptation \u00e0 un diagnostic, troubles du comportement associ\u00e9s \u00e0 une atteinte neurologique.<\/li>\n\n\n\n<li><strong>Interventions :<\/strong><br>o Psycho\u00e9ducation sur la maladie (expliquer l\u2019\u00e9volution, les strat\u00e9gies d\u2019adaptation).<br>o Accompagnement dans l\u2019acceptation des difficult\u00e9s et l\u2019adaptation \u00e0 la vie quotidienne.<br>o Soutien \u00e0 la gestion du stress et des \u00e9motions.<\/li>\n<\/ul>\n\n\n\n<div style=\"height:48px\" aria-hidden=\"true\" class=\"wp-block-spacer\"><\/div>\n\n\n\n<hr class=\"wp-block-separator has-alpha-channel-opacity is-style-wide\"\/>\n\n\n\n<ol start=\"4\" class=\"wp-block-list\">\n<li class=\"has-medium-font-size\"><strong>Accompagnement des proches et aidants<\/strong><\/li>\n<\/ol>\n\n\n\n<p class=\"wp-block-paragraph\">Les aidants (famille, conjoint, etc.) sont souvent impact\u00e9s par la maladie ou les troubles cognitifs d\u2019un proche.<\/p>\n\n\n\n<ul class=\"wp-block-list\">\n<li><strong>Indications :<\/strong> fatigue des aidants, besoin de compr\u00e9hension des troubles, soutien face aux troubles du comportement (ex. : agressivit\u00e9, apathie).<\/li>\n\n\n\n<li><strong>Interventions :<\/strong><br>o Sessions d\u2019information sur la pathologie et ses cons\u00e9quences.<br>o Conseils sur la communication et la gestion des comportements difficiles.<br>o Entretiens individuels pour soutenir psychologiquement les aidants.<\/li>\n<\/ul>\n\n\n\n<div style=\"height:48px\" aria-hidden=\"true\" class=\"wp-block-spacer\"><\/div>\n\n\n\n<hr class=\"wp-block-separator has-alpha-channel-opacity is-style-wide\"\/>\n\n\n\n<ol start=\"5\" class=\"wp-block-list\">\n<li class=\"has-medium-font-size\"><strong>R\u00e9insertion et adaptation professionnelle<\/strong><\/li>\n<\/ol>\n\n\n\n<p class=\"wp-block-paragraph\">L\u2019accompagnement peut inclure un travail sur la reprise d\u2019une activit\u00e9 professionnelle ou l\u2019am\u00e9nagement des conditions de travail.<\/p>\n\n\n\n<ul class=\"wp-block-list\">\n<li><strong>Indications :<\/strong> troubles cognitifs post-l\u00e9sionnels, TDAH adulte, troubles psychiatriques avec impact cognitif.<\/li>\n\n\n\n<li><strong>Interventions :<\/strong><br>o \u00c9valuation des capacit\u00e9s cognitives en lien avec le travail.<br>o Conseils pour adapter l\u2019environnement professionnel (ex. : pauses fr\u00e9quentes pour la fatigue cognitive, outils pour pallier des troubles de m\u00e9moire).<br>o Coordination avec d\u2019autres professionnels (ergoth\u00e9rapeutes, m\u00e9decins du travail).<\/li>\n<\/ul>\n","protected":false},"excerpt":{"rendered":"<p>POUR QUI ? Jeunes adultes\/Adultes\/Seniors recherchant un suivi pour :\u2013 Difficult\u00e9s cognitives (m\u00e9moire, attention, fonctions ex\u00e9cutives, praxies, gnosies,\u2026)\u2013 TDAH\u2013 Haut Potentiel\u2013 Accompagnement du vieillissement\/ maladies neurod\u00e9g\u00e9n\u00e9ratives\u2013 Accompagnement post-AVC, trauma cr\u00e2nien, \u00e9pilepsie\u2013 Accompagnement d\u2019addictions\u2013 Gestion \u00e9motionnelle\u2013 Gestion de la fatigue (post l\u00e9sion c\u00e9r\u00e9brale, Covid long,\u2026)\u2013 \u2026 Mon Accompagnement L\u2019\u00e9valuation permet d\u2019objectiver les difficult\u00e9s cognitives, \u00e9motionnelles ou [&hellip;]<\/p>\n","protected":false},"author":1,"featured_media":129,"parent":0,"menu_order":0,"comment_status":"closed","ping_status":"closed","template":"","meta":{"_crdt_document":"","footnotes":""},"class_list":["post-23","page","type-page","status-publish","has-post-thumbnail","hentry"],"_links":{"self":[{"href":"https:\/\/mind-care.be\/index.php\/wp-json\/wp\/v2\/pages\/23","targetHints":{"allow":["GET"]}}],"collection":[{"href":"https:\/\/mind-care.be\/index.php\/wp-json\/wp\/v2\/pages"}],"about":[{"href":"https:\/\/mind-care.be\/index.php\/wp-json\/wp\/v2\/types\/page"}],"author":[{"embeddable":true,"href":"https:\/\/mind-care.be\/index.php\/wp-json\/wp\/v2\/users\/1"}],"replies":[{"embeddable":true,"href":"https:\/\/mind-care.be\/index.php\/wp-json\/wp\/v2\/comments?post=23"}],"version-history":[{"count":4,"href":"https:\/\/mind-care.be\/index.php\/wp-json\/wp\/v2\/pages\/23\/revisions"}],"predecessor-version":[{"id":130,"href":"https:\/\/mind-care.be\/index.php\/wp-json\/wp\/v2\/pages\/23\/revisions\/130"}],"wp:featuredmedia":[{"embeddable":true,"href":"https:\/\/mind-care.be\/index.php\/wp-json\/wp\/v2\/media\/129"}],"wp:attachment":[{"href":"https:\/\/mind-care.be\/index.php\/wp-json\/wp\/v2\/media?parent=23"}],"curies":[{"name":"wp","href":"https:\/\/api.w.org\/{rel}","templated":true}]}}